{"id":421,"date":"2025-12-21T20:35:00","date_gmt":"2025-12-21T19:35:00","guid":{"rendered":"https:\/\/pabloestevez.com\/?page_id=421"},"modified":"2026-01-29T23:17:57","modified_gmt":"2026-01-29T22:17:57","slug":"politica-de-privacidad","status":"publish","type":"page","link":"https:\/\/pabloestevez.com\/en\/politica-de-privacidad\/","title":{"rendered":"Privacy Policy"},"content":{"rendered":"<div data-elementor-type=\"wp-page\" data-elementor-id=\"421\" class=\"elementor elementor-421\" data-elementor-post-type=\"page\">\n\t\t\t\t<div class=\"elementor-element elementor-element-43d1c8e e-flex e-con-boxed e-con e-parent\" data-id=\"43d1c8e\" data-element_type=\"container\" data-e-type=\"container\">\n\t\t\t\t\t<div class=\"e-con-inner\">\n\t\t\t\t<div class=\"elementor-element elementor-element-64e01032 elementor-widget elementor-widget-text-editor\" data-id=\"64e01032\" data-element_type=\"widget\" data-e-type=\"widget\" data-widget_type=\"text-editor.default\">\n\t\t\t\t\t\t\t\t\t<h2 data-start=\"129\" data-end=\"166\"><img decoding=\"async\" draggable=\"false\" role=\"img\" class=\"emoji\" alt=\"\ud83d\udcc4\" src=\"https:\/\/s.w.org\/images\/core\/emoji\/17.0.2\/svg\/1f4c4.svg\"> POL\u00cdTICA DE PRIVACIDAD (ESPA\u00d1A)<\/h2>\n<p data-start=\"168\" data-end=\"194\"><strong data-start=\"168\" data-end=\"194\">Pol\u00edtica de Privacidad<\/strong><\/p>\n<p data-start=\"196\" data-end=\"467\">En cumplimiento del Reglamento (UE) 2016\/679 del Parlamento Europeo y del Consejo (RGPD) y de la Ley Org\u00e1nica 3\/2018, de Protecci\u00f3n de Datos Personales y garant\u00eda de los derechos digitales (LOPDGDD), se informa a los usuarios sobre el tratamiento de sus datos personales.<\/p>\n<p data-start=\"469\" data-end=\"635\"><strong data-start=\"469\" data-end=\"503\">1. Responsable del tratamiento<\/strong><br data-start=\"503\" data-end=\"506\">Titular: Pablo<br data-start=\"520\" data-end=\"523\">Actividad: Artista pl\u00e1stico \/ pintor<br data-start=\"559\" data-end=\"562\">Correo electr\u00f3nico: contacto@pabloestevez.com<br data-start=\"592\" data-end=\"595\">Sitio web: www.pabloestevez.com<br data-start=\"618\" data-end=\"621\">Pa\u00eds: Espa\u00f1a<\/p>\n<p data-start=\"637\" data-end=\"750\"><strong data-start=\"637\" data-end=\"675\">2. Datos personales que se recogen<\/strong><br data-start=\"675\" data-end=\"678\">A trav\u00e9s de los formularios de esta web se recogen los siguientes datos:<\/p>\n<ul data-start=\"751\" data-end=\"883\">\n<li data-start=\"751\" data-end=\"761\">\n<p data-start=\"753\" data-end=\"761\">Nombre<\/p>\n<\/li>\n<li data-start=\"762\" data-end=\"797\">\n<p data-start=\"764\" data-end=\"797\">Direcci\u00f3n de correo electr\u00f3nico<\/p>\n<\/li>\n<li data-start=\"798\" data-end=\"832\">\n<p data-start=\"800\" data-end=\"832\">Mensaje enviado por el usuario<\/p>\n<\/li>\n<li data-start=\"833\" data-end=\"883\">\n<p data-start=\"835\" data-end=\"883\">Informaci\u00f3n relacionada con la obra consultada<\/p>\n<\/li>\n<\/ul>\n<p data-start=\"885\" data-end=\"930\">No se recogen datos especialmente protegidos.<\/p>\n<p data-start=\"932\" data-end=\"1016\"><strong data-start=\"932\" data-end=\"964\">3. Finalidad del tratamiento<\/strong><br data-start=\"964\" data-end=\"967\">Los datos personales se utilizan \u00fanicamente para:<\/p>\n<ul data-start=\"1017\" data-end=\"1190\">\n<li data-start=\"1017\" data-end=\"1085\">\n<p data-start=\"1019\" data-end=\"1085\">Atender consultas realizadas a trav\u00e9s del formulario de contacto<\/p>\n<\/li>\n<li data-start=\"1086\" data-end=\"1137\">\n<p data-start=\"1088\" data-end=\"1137\">Proporcionar informaci\u00f3n sobre obras art\u00edsticas<\/p>\n<\/li>\n<li data-start=\"1138\" data-end=\"1190\">\n<p data-start=\"1140\" data-end=\"1190\">Mantener comunicaci\u00f3n profesional con el usuario<\/p>\n<\/li>\n<\/ul>\n<p data-start=\"1192\" data-end=\"1381\"><strong data-start=\"1192\" data-end=\"1211\">4. Legitimaci\u00f3n<\/strong><br data-start=\"1211\" data-end=\"1214\">La base legal para el tratamiento de los datos es el consentimiento expreso del usuario, otorgado al aceptar esta pol\u00edtica de privacidad antes de enviar el formulario.<\/p>\n<p data-start=\"1383\" data-end=\"1562\"><strong data-start=\"1383\" data-end=\"1415\">5. Conservaci\u00f3n de los datos<\/strong><br data-start=\"1415\" data-end=\"1418\">Los datos se conservar\u00e1n durante el tiempo necesario para atender la consulta o mientras exista una relaci\u00f3n profesional o una obligaci\u00f3n legal.<\/p>\n<p data-start=\"1564\" data-end=\"1655\"><strong data-start=\"1564\" data-end=\"1597\">6. Cesi\u00f3n de datos a terceros<\/strong><br data-start=\"1597\" data-end=\"1600\">No se ceder\u00e1n datos a terceros, salvo obligaci\u00f3n legal.<\/p>\n<p data-start=\"1657\" data-end=\"1960\"><strong data-start=\"1657\" data-end=\"1684\">7. Derechos del usuario<\/strong><br data-start=\"1684\" data-end=\"1687\">El usuario puede ejercer los derechos de acceso, rectificaci\u00f3n, supresi\u00f3n, limitaci\u00f3n, oposici\u00f3n y portabilidad enviando una solicitud al correo electr\u00f3nico indicado.<br data-start=\"1853\" data-end=\"1856\">Asimismo, puede presentar una reclamaci\u00f3n ante la Agencia Espa\u00f1ola de Protecci\u00f3n de Datos (<a class=\"decorated-link\" href=\"http:\/\/www.aepd.es\" target=\"_new\" rel=\"noopener\" data-start=\"1947\" data-end=\"1958\">www.aepd.es<\/a>).<\/p>\n<p data-start=\"1962\" data-end=\"2128\"><strong data-start=\"1962\" data-end=\"1989\">8. Medidas de seguridad<\/strong><br data-start=\"1989\" data-end=\"1992\">Se han adoptado las medidas t\u00e9cnicas y organizativas necesarias para garantizar la seguridad y confidencialidad de los datos personales.<\/p>\t\t\t\t\t\t\t\t<\/div>\n\t\t\t\t\t<\/div>\n\t\t\t\t<\/div>\n\t\t\t\t<\/div>","protected":false},"excerpt":{"rendered":"<p>POL\u00cdTICA DE PRIVACIDAD (ESPA\u00d1A) Pol\u00edtica de Privacidad En cumplimiento del Reglamento (UE) 2016\/679 del Parlamento Europeo y del Consejo (RGPD) y de la Ley Org\u00e1nica 3\/2018, de Protecci\u00f3n de Datos Personales y garant\u00eda de los derechos digitales (LOPDGDD), se informa a los usuarios sobre el tratamiento de sus datos personales. 1. Responsable del tratamientoTitular: PabloActividad: [&hellip;]<\/p>\n","protected":false},"author":1,"featured_media":0,"parent":0,"menu_order":0,"comment_status":"closed","ping_status":"closed","template":"","meta":{"_acf_changed":false,"footnotes":""},"class_list":["post-421","page","type-page","status-publish","hentry"],"acf":[],"_links":{"self":[{"href":"https:\/\/pabloestevez.com\/en\/wp-json\/wp\/v2\/pages\/421","targetHints":{"allow":["GET"]}}],"collection":[{"href":"https:\/\/pabloestevez.com\/en\/wp-json\/wp\/v2\/pages"}],"about":[{"href":"https:\/\/pabloestevez.com\/en\/wp-json\/wp\/v2\/types\/page"}],"author":[{"embeddable":true,"href":"https:\/\/pabloestevez.com\/en\/wp-json\/wp\/v2\/users\/1"}],"replies":[{"embeddable":true,"href":"https:\/\/pabloestevez.com\/en\/wp-json\/wp\/v2\/comments?post=421"}],"version-history":[{"count":7,"href":"https:\/\/pabloestevez.com\/en\/wp-json\/wp\/v2\/pages\/421\/revisions"}],"predecessor-version":[{"id":1915,"href":"https:\/\/pabloestevez.com\/en\/wp-json\/wp\/v2\/pages\/421\/revisions\/1915"}],"wp:attachment":[{"href":"https:\/\/pabloestevez.com\/en\/wp-json\/wp\/v2\/media?parent=421"}],"curies":[{"name":"wp","href":"https:\/\/api.w.org\/{rel}","templated":true}]}}