{"id":437,"date":"2025-12-21T23:48:41","date_gmt":"2025-12-21T22:48:41","guid":{"rendered":"https:\/\/pabloestevez.com\/?page_id=437"},"modified":"2026-01-29T23:13:43","modified_gmt":"2026-01-29T22:13:43","slug":"aviso-legal","status":"publish","type":"page","link":"https:\/\/pabloestevez.com\/en\/aviso-legal\/","title":{"rendered":"Legal notice"},"content":{"rendered":"<p>\ud83d\udcc4 AVISO LEGAL (ESPA\u00d1A)<\/p>\n\n\n\n<p><strong>Aviso Legal<\/strong><\/p>\n\n\n\n<p>De conformidad con la legislaci\u00f3n vigente, se informa de los siguientes datos:<\/p>\n\n\n\n<p><strong>1. Datos identificativos<\/strong><br>Titular: Pablo Est\u00e9vez<br>Actividad: Artista pl\u00e1stico \/ pintor<br>Correo electr\u00f3nico: contacto@pabloestevez.com<br>Sitio web: www.pabloestevez.com<br>Pa\u00eds: Espa\u00f1a<\/p>\n\n\n\n<p><strong>2. Objeto<\/strong><br>El presente sitio web tiene como finalidad la exposici\u00f3n de obra art\u00edstica y facilitar el contacto profesional con usuarios interesados.<\/p>\n\n\n\n<p><strong>3. Condiciones de uso<\/strong><br>El acceso y uso del sitio web atribuye la condici\u00f3n de usuario, comprometi\u00e9ndose a utilizar los contenidos de forma l\u00edcita y adecuada.<\/p>\n\n\n\n<p><strong>4. Propiedad intelectual<\/strong><br>Todos los contenidos del sitio web (obras, im\u00e1genes, textos, dise\u00f1o y estructura) son propiedad del titular o cuentan con autorizaci\u00f3n expresa.<br>Queda prohibida su reproducci\u00f3n, distribuci\u00f3n o modificaci\u00f3n sin autorizaci\u00f3n.<\/p>\n\n\n\n<p><strong>5. Responsabilidad<\/strong><br>El titular no se responsabiliza del uso indebido de los contenidos ni de los da\u00f1os que pudieran derivarse del acceso o uso del sitio web.<\/p>\n\n\n\n<p><strong>6. Legislaci\u00f3n aplicable<\/strong><br>La relaci\u00f3n entre el usuario y el titular se regir\u00e1 por la legislaci\u00f3n espa\u00f1ola vigente.<\/p>\n\n\n\n<p><\/p>","protected":false},"excerpt":{"rendered":"<p>\ud83d\udcc4 AVISO LEGAL (ESPA\u00d1A) Aviso Legal De conformidad con la legislaci\u00f3n vigente, se informa de los siguientes datos: 1. Datos identificativosTitular: Pablo Est\u00e9vezActividad: Artista pl\u00e1stico \/ pintorCorreo electr\u00f3nico: contacto@pabloestevez.comSitio web: www.pabloestevez.comPa\u00eds: Espa\u00f1a 2. ObjetoEl presente sitio web tiene como finalidad la exposici\u00f3n de obra art\u00edstica y facilitar el contacto profesional con usuarios interesados. 3. Condiciones [&hellip;]<\/p>\n","protected":false},"author":1,"featured_media":0,"parent":0,"menu_order":0,"comment_status":"closed","ping_status":"closed","template":"","meta":{"_acf_changed":false,"footnotes":""},"class_list":["post-437","page","type-page","status-publish","hentry"],"acf":[],"_links":{"self":[{"href":"https:\/\/pabloestevez.com\/en\/wp-json\/wp\/v2\/pages\/437","targetHints":{"allow":["GET"]}}],"collection":[{"href":"https:\/\/pabloestevez.com\/en\/wp-json\/wp\/v2\/pages"}],"about":[{"href":"https:\/\/pabloestevez.com\/en\/wp-json\/wp\/v2\/types\/page"}],"author":[{"embeddable":true,"href":"https:\/\/pabloestevez.com\/en\/wp-json\/wp\/v2\/users\/1"}],"replies":[{"embeddable":true,"href":"https:\/\/pabloestevez.com\/en\/wp-json\/wp\/v2\/comments?post=437"}],"version-history":[{"count":2,"href":"https:\/\/pabloestevez.com\/en\/wp-json\/wp\/v2\/pages\/437\/revisions"}],"predecessor-version":[{"id":1912,"href":"https:\/\/pabloestevez.com\/en\/wp-json\/wp\/v2\/pages\/437\/revisions\/1912"}],"wp:attachment":[{"href":"https:\/\/pabloestevez.com\/en\/wp-json\/wp\/v2\/media?parent=437"}],"curies":[{"name":"wp","href":"https:\/\/api.w.org\/{rel}","templated":true}]}}