{"id":439,"date":"2025-12-21T23:49:41","date_gmt":"2025-12-21T22:49:41","guid":{"rendered":"https:\/\/pabloestevez.com\/?page_id=439"},"modified":"2026-01-29T23:20:22","modified_gmt":"2026-01-29T22:20:22","slug":"politica-de-cookies","status":"publish","type":"page","link":"https:\/\/pabloestevez.com\/en\/politica-de-cookies\/","title":{"rendered":"Cookies policy"},"content":{"rendered":"<h2 class=\"wp-block-heading\">\ud83d\udcc4 POL\u00cdTICA DE COOKIES (ESPA\u00d1A)<\/h2>\n\n\n\n<p><strong>Pol\u00edtica de Cookies<\/strong><\/p>\n\n\n\n<p>Este sitio web utiliza cookies propias y de terceros para garantizar el correcto funcionamiento del sitio y mejorar la experiencia del usuario.<\/p>\n\n\n\n<p><strong>1. \u00bfQu\u00e9 son las cookies?<\/strong><br>Las cookies son peque\u00f1os archivos de texto que se almacenan en el dispositivo del usuario cuando visita una p\u00e1gina web.<\/p>\n\n\n\n<p><strong>2. Tipos de cookies utilizadas<\/strong><br>Este sitio web puede utilizar:<\/p>\n\n\n\n<ul class=\"wp-block-list\">\n<li>Cookies t\u00e9cnicas: necesarias para el funcionamiento b\u00e1sico del sitio<\/li>\n\n\n\n<li>Cookies anal\u00edticas: para obtener estad\u00edsticas an\u00f3nimas de navegaci\u00f3n<\/li>\n<\/ul>\n\n\n\n<p>No se utilizan cookies publicitarias.<\/p>\n\n\n\n<p><strong>3. Gesti\u00f3n de cookies<\/strong><br>El usuario puede aceptar, rechazar o configurar el uso de cookies mediante el banner de cookies o desde la configuraci\u00f3n de su navegador.<\/p>\n\n\n\n<p><strong>4. Eliminaci\u00f3n de cookies<\/strong><br>El usuario puede eliminar las cookies en cualquier momento desde la configuraci\u00f3n de su navegador.<\/p>\n\n\n\n<p><strong>5. Cambios en la pol\u00edtica de cookies<\/strong><br>La presente pol\u00edtica puede modificarse para adaptarse a cambios legislativos o t\u00e9cnicos.<\/p>","protected":false},"excerpt":{"rendered":"<p>\ud83d\udcc4 POL\u00cdTICA DE COOKIES (ESPA\u00d1A) Pol\u00edtica de Cookies Este sitio web utiliza cookies propias y de terceros para garantizar el correcto funcionamiento del sitio y mejorar la experiencia del usuario. 1. \u00bfQu\u00e9 son las cookies?Las cookies son peque\u00f1os archivos de texto que se almacenan en el dispositivo del usuario cuando visita una p\u00e1gina web. 2. [&hellip;]<\/p>\n","protected":false},"author":1,"featured_media":0,"parent":0,"menu_order":0,"comment_status":"closed","ping_status":"closed","template":"","meta":{"_acf_changed":false,"footnotes":""},"class_list":["post-439","page","type-page","status-publish","hentry"],"acf":[],"_links":{"self":[{"href":"https:\/\/pabloestevez.com\/en\/wp-json\/wp\/v2\/pages\/439","targetHints":{"allow":["GET"]}}],"collection":[{"href":"https:\/\/pabloestevez.com\/en\/wp-json\/wp\/v2\/pages"}],"about":[{"href":"https:\/\/pabloestevez.com\/en\/wp-json\/wp\/v2\/types\/page"}],"author":[{"embeddable":true,"href":"https:\/\/pabloestevez.com\/en\/wp-json\/wp\/v2\/users\/1"}],"replies":[{"embeddable":true,"href":"https:\/\/pabloestevez.com\/en\/wp-json\/wp\/v2\/comments?post=439"}],"version-history":[{"count":2,"href":"https:\/\/pabloestevez.com\/en\/wp-json\/wp\/v2\/pages\/439\/revisions"}],"predecessor-version":[{"id":1916,"href":"https:\/\/pabloestevez.com\/en\/wp-json\/wp\/v2\/pages\/439\/revisions\/1916"}],"wp:attachment":[{"href":"https:\/\/pabloestevez.com\/en\/wp-json\/wp\/v2\/media?parent=439"}],"curies":[{"name":"wp","href":"https:\/\/api.w.org\/{rel}","templated":true}]}}